{"id":430,"date":"2019-03-19T09:04:47","date_gmt":"2019-03-19T08:04:47","guid":{"rendered":"http:\/\/ersetic.nazwa.pl\/ilubeauty\/products\/wlosy\/szczotki-do-stylizacji\/"},"modified":"2019-04-01T18:54:11","modified_gmt":"2019-04-01T16:54:11","slug":"hair-brushes-styling","status":"publish","type":"page","link":"http:\/\/ilubeauty.com\/en\/products\/hair\/hair-brushes-styling\/","title":{"rendered":"Hair Brushes Styling"},"content":{"rendered":"<p>[vc_row section_type=&#8221;fullwidth&#8221; padding_bottom=&#8221;0&#8243; margin_bottom=&#8221;0&#8243;][vc_column]<div class=\"grve-element grve-image grve-align-center\" style=\"\"><img width=\"1920\" height=\"580\" src=\"http:\/\/ilubeauty.com\/wp-content\/uploads\/2019\/03\/BANER-min-6.jpg\" class=\"attachment-full size-full\" alt=\"\" loading=\"lazy\" srcset=\"http:\/\/ilubeauty.com\/wp-content\/uploads\/2019\/03\/BANER-min-6.jpg 1920w, http:\/\/ilubeauty.com\/wp-content\/uploads\/2019\/03\/BANER-min-6-300x91.jpg 300w, http:\/\/ilubeauty.com\/wp-content\/uploads\/2019\/03\/BANER-min-6-768x232.jpg 768w, http:\/\/ilubeauty.com\/wp-content\/uploads\/2019\/03\/BANER-min-6-1024x309.jpg 1024w\" sizes=\"(max-width: 1920px) 100vw, 1920px\" \/><\/div>[\/vc_column][\/vc_row][vc_row padding_bottom=&#8221;0&#8243; margin_bottom=&#8221;0&#8243; el_class=&#8221;blue-bg&#8221;][vc_column][vc_raw_html]JTNDdWwlMjBjbGFzcyUzRCUyMnByb2QtbWVudSUyMiUzRSUwQSUzQ2xpJTNFJTNDYSUyMGhyZWYlM0QlMjJodHRwJTNBJTJGJTJGaWx1YmVhdXR5LmNvbSUyRmVuJTJGcHJvZHVjdHMlMkZoYWlyJTJGaGFpci1icnVzaGVzLWRldGFuZ2xpbmclMkYlMjIlM0VIYWlyJTIwQnJ1c2hlcyUyMERldGFuZ2xpbmclM0MlMkZhJTNFJTNDJTJGbGklM0UlMEElM0NsaSUyMGNsYXNzJTNEJTIyYWN0aXZlJTIyJTNFJTNDYSUyMGhyZWYlM0QlMjJodHRwJTNBJTJGJTJGaWx1YmVhdXR5LmNvbSUyRmVuJTJGcHJvZHVjdHMlMkZoYWlyJTJGaGFpci1icnVzaGVzLXN0eWxpbmclMkYlMjIlM0VIYWlyJTIwQnJ1c2hlcyUyMFN0eWxpbmclM0MlMkZhJTNFJTNDJTJGbGklM0UlMEElM0MlMkZ1bCUzRQ==[\/vc_raw_html][\/vc_column][\/vc_row][vc_row section_type=&#8221;fullwidth&#8221; padding_bottom=&#8221;0&#8243; margin_bottom=&#8221;0&#8243;][vc_column][vc_raw_html el_class=&#8221;left-wrap&#8221;]JTNDYSUyMGhyZWYlM0QlMjJodHRwJTNBJTJGJTJGZXJzZXRpYy5uYXp3YS5wbCUyRmlsdWJlYXV0eSUyRnByb2R1a3R5JTJGd2xvc3klMkZzemN6b3RraS1kby1jemVzYW5pYSUyRiUyMiUyMGNsYXNzJTNEJTIybGVmdC1idG4lMjIlM0UlM0NzcGFuJTNFbGVmdCUzQyUyRnNwYW4lM0UlM0MlMkZhJTNF[\/vc_raw_html]<div class=\"grve-element grve-gallery grve-isotope grve-gallery-popup\" style=\"\" data-columns=\"3\" data-columns-tablet-landscape=\"2\" data-columns-tablet-portrait=\"2\" data-columns-mobile=\"1\" data-layout=\"fitRows\">  <div class=\"grve-isotope-container\"><div class=\"grve-isotope-item grve-gallery-item \">  <a href=\"http:\/\/ilubeauty.com\/wp-content\/uploads\/2019\/03\/ceramic_blue-min-1.jpg\"><div class=\"grve-isotope-item-inner grve-zoomIn\">    <figure class=\"grve-hover-style-1 grve-image-hover grve-zoom-in\">      <div class=\"grve-media\">        <div class=\"grve-hover-overlay grve-bg-light grve-opacity-0\"><\/div><img width=\"600\" height=\"600\" src=\"http:\/\/ilubeauty.com\/wp-content\/uploads\/2019\/03\/ceramic_blue-min-1-600x600.jpg\" class=\"attachment-blade-grve-small-square size-blade-grve-small-square\" alt=\"\" loading=\"lazy\" srcset=\"http:\/\/ilubeauty.com\/wp-content\/uploads\/2019\/03\/ceramic_blue-min-1-600x600.jpg 600w, http:\/\/ilubeauty.com\/wp-content\/uploads\/2019\/03\/ceramic_blue-min-1-150x150.jpg 150w, http:\/\/ilubeauty.com\/wp-content\/uploads\/2019\/03\/ceramic_blue-min-1-300x300.jpg 300w, http:\/\/ilubeauty.com\/wp-content\/uploads\/2019\/03\/ceramic_blue-min-1-768x768.jpg 768w, http:\/\/ilubeauty.com\/wp-content\/uploads\/2019\/03\/ceramic_blue-min-1-1024x1024.jpg 1024w, http:\/\/ilubeauty.com\/wp-content\/uploads\/2019\/03\/ceramic_blue-min-1.jpg 1080w\" sizes=\"(max-width: 600px) 100vw, 600px\" \/>      <\/div>      <figcaption>        <div class=\"grve-gallery-content\"><h6 class=\"grve-title grve-text-dark\">il\u016b Round styling brush \u2013 Curls run the world, 25 mm<\/h6>        <\/div>      <\/figcaption>    <\/figure><\/div>  <\/a><\/div><div class=\"grve-isotope-item grve-gallery-item \">  <a href=\"http:\/\/ilubeauty.com\/wp-content\/uploads\/2019\/03\/ceramic_red-min-1.jpg\"><div class=\"grve-isotope-item-inner grve-zoomIn\">    <figure class=\"grve-hover-style-1 grve-image-hover grve-zoom-in\">      <div class=\"grve-media\">        <div class=\"grve-hover-overlay grve-bg-light grve-opacity-0\"><\/div><img width=\"600\" height=\"600\" src=\"http:\/\/ilubeauty.com\/wp-content\/uploads\/2019\/03\/ceramic_red-min-1-600x600.jpg\" class=\"attachment-blade-grve-small-square size-blade-grve-small-square\" alt=\"\" loading=\"lazy\" srcset=\"http:\/\/ilubeauty.com\/wp-content\/uploads\/2019\/03\/ceramic_red-min-1-600x600.jpg 600w, http:\/\/ilubeauty.com\/wp-content\/uploads\/2019\/03\/ceramic_red-min-1-150x150.jpg 150w, http:\/\/ilubeauty.com\/wp-content\/uploads\/2019\/03\/ceramic_red-min-1-300x300.jpg 300w, http:\/\/ilubeauty.com\/wp-content\/uploads\/2019\/03\/ceramic_red-min-1-768x768.jpg 768w, http:\/\/ilubeauty.com\/wp-content\/uploads\/2019\/03\/ceramic_red-min-1-1024x1024.jpg 1024w, http:\/\/ilubeauty.com\/wp-content\/uploads\/2019\/03\/ceramic_red-min-1.jpg 1080w\" sizes=\"(max-width: 600px) 100vw, 600px\" \/>      <\/div>      <figcaption>        <div class=\"grve-gallery-content\"><h6 class=\"grve-title grve-text-dark\">il\u016b Round styling brush \u2013 You have this in pink?, 53 mm<\/h6>        <\/div>      <\/figcaption>    <\/figure><\/div>  <\/a><\/div><div class=\"grve-isotope-item grve-gallery-item \">  <a href=\"http:\/\/ilubeauty.com\/wp-content\/uploads\/2019\/03\/ceramic_turkus-min-1.jpg\"><div class=\"grve-isotope-item-inner grve-zoomIn\">    <figure class=\"grve-hover-style-1 grve-image-hover grve-zoom-in\">      <div class=\"grve-media\">        <div class=\"grve-hover-overlay grve-bg-light grve-opacity-0\"><\/div><img width=\"600\" height=\"600\" src=\"http:\/\/ilubeauty.com\/wp-content\/uploads\/2019\/03\/ceramic_turkus-min-1-600x600.jpg\" class=\"attachment-blade-grve-small-square size-blade-grve-small-square\" alt=\"\" loading=\"lazy\" srcset=\"http:\/\/ilubeauty.com\/wp-content\/uploads\/2019\/03\/ceramic_turkus-min-1-600x600.jpg 600w, http:\/\/ilubeauty.com\/wp-content\/uploads\/2019\/03\/ceramic_turkus-min-1-150x150.jpg 150w, http:\/\/ilubeauty.com\/wp-content\/uploads\/2019\/03\/ceramic_turkus-min-1-300x300.jpg 300w, http:\/\/ilubeauty.com\/wp-content\/uploads\/2019\/03\/ceramic_turkus-min-1-768x768.jpg 768w, http:\/\/ilubeauty.com\/wp-content\/uploads\/2019\/03\/ceramic_turkus-min-1-1024x1024.jpg 1024w, http:\/\/ilubeauty.com\/wp-content\/uploads\/2019\/03\/ceramic_turkus-min-1.jpg 1080w\" sizes=\"(max-width: 600px) 100vw, 600px\" \/>      <\/div>      <figcaption>        <div class=\"grve-gallery-content\"><h6 class=\"grve-title grve-text-dark\">il\u016b Round styling brush \u2013 I\u2019ll be hair for you, 33 mm<\/h6>        <\/div>      <\/figcaption>    <\/figure><\/div>  <\/a><\/div><div class=\"grve-isotope-item grve-gallery-item \">  <a href=\"http:\/\/ilubeauty.com\/wp-content\/uploads\/2019\/03\/ceramic_fiolet1v1-min-1.jpg\"><div class=\"grve-isotope-item-inner grve-zoomIn\">    <figure class=\"grve-hover-style-1 grve-image-hover grve-zoom-in\">      <div class=\"grve-media\">        <div class=\"grve-hover-overlay grve-bg-light grve-opacity-0\"><\/div><img width=\"600\" height=\"600\" src=\"http:\/\/ilubeauty.com\/wp-content\/uploads\/2019\/03\/ceramic_fiolet1v1-min-1-600x600.jpg\" class=\"attachment-blade-grve-small-square size-blade-grve-small-square\" alt=\"\" loading=\"lazy\" srcset=\"http:\/\/ilubeauty.com\/wp-content\/uploads\/2019\/03\/ceramic_fiolet1v1-min-1-600x600.jpg 600w, http:\/\/ilubeauty.com\/wp-content\/uploads\/2019\/03\/ceramic_fiolet1v1-min-1-150x150.jpg 150w, http:\/\/ilubeauty.com\/wp-content\/uploads\/2019\/03\/ceramic_fiolet1v1-min-1-300x300.jpg 300w, http:\/\/ilubeauty.com\/wp-content\/uploads\/2019\/03\/ceramic_fiolet1v1-min-1-768x768.jpg 768w, http:\/\/ilubeauty.com\/wp-content\/uploads\/2019\/03\/ceramic_fiolet1v1-min-1-1024x1024.jpg 1024w, http:\/\/ilubeauty.com\/wp-content\/uploads\/2019\/03\/ceramic_fiolet1v1-min-1.jpg 1080w\" sizes=\"(max-width: 600px) 100vw, 600px\" \/>      <\/div>      <figcaption>        <div class=\"grve-gallery-content\"><h6 class=\"grve-title grve-text-dark\">il\u016b Round styling brush \u2013 Happiest means prettiest, 43 mm<\/h6>        <\/div>      <\/figcaption>    <\/figure><\/div>  <\/a><\/div><div class=\"grve-isotope-item grve-gallery-item \">  <a href=\"http:\/\/ilubeauty.com\/wp-content\/uploads\/2019\/03\/ceramic_orange1v1-min-1.jpg\"><div class=\"grve-isotope-item-inner grve-zoomIn\">    <figure class=\"grve-hover-style-1 grve-image-hover grve-zoom-in\">      <div class=\"grve-media\">        <div class=\"grve-hover-overlay grve-bg-light grve-opacity-0\"><\/div><img width=\"600\" height=\"600\" src=\"http:\/\/ilubeauty.com\/wp-content\/uploads\/2019\/03\/ceramic_orange1v1-min-1-600x600.jpg\" class=\"attachment-blade-grve-small-square size-blade-grve-small-square\" alt=\"\" loading=\"lazy\" srcset=\"http:\/\/ilubeauty.com\/wp-content\/uploads\/2019\/03\/ceramic_orange1v1-min-1-600x600.jpg 600w, http:\/\/ilubeauty.com\/wp-content\/uploads\/2019\/03\/ceramic_orange1v1-min-1-150x150.jpg 150w, http:\/\/ilubeauty.com\/wp-content\/uploads\/2019\/03\/ceramic_orange1v1-min-1-300x300.jpg 300w, http:\/\/ilubeauty.com\/wp-content\/uploads\/2019\/03\/ceramic_orange1v1-min-1-768x768.jpg 768w, http:\/\/ilubeauty.com\/wp-content\/uploads\/2019\/03\/ceramic_orange1v1-min-1-1024x1024.jpg 1024w, http:\/\/ilubeauty.com\/wp-content\/uploads\/2019\/03\/ceramic_orange1v1-min-1.jpg 1080w\" sizes=\"(max-width: 600px) 100vw, 600px\" \/>      <\/div>      <figcaption>        <div class=\"grve-gallery-content\"><h6 class=\"grve-title grve-text-dark\">il\u016b Round styling brush &#8211; Embrace your inner orange, 65 mm<\/h6>        <\/div>      <\/figcaption>    <\/figure><\/div>  <\/a><\/div>  <\/div><\/div>[vc_raw_html el_class=&#8221;right-wrap&#8221;]JTNDYSUyMGhyZWYlM0QlMjJodHRwJTNBJTJGJTJGZXJzZXRpYy5uYXp3YS5wbCUyRmlsdWJlYXV0eSUyRnByb2R1a3R5JTJGd2xvc3klMkZzemN6b3RraS1kby1jemVzYW5pYSUyRiUyMiUyMGNsYXNzJTNEJTIycmlnaHQtYnRuJTIyJTNFJTNDc3BhbiUzRXJpZ2h0JTNDJTJGc3BhbiUzRSUzQyUyRmElM0U=[\/vc_raw_html][\/vc_column][\/vc_row]<\/p>\n","protected":false},"excerpt":{"rendered":"<p>[vc_row section_type=&#8221;fullwidth&#8221; padding_bottom=&#8221;0&#8243; margin_bottom=&#8221;0&#8243;][vc_column][\/vc_column][\/vc_row][vc_row padding_bottom=&#8221;0&#8243; margin_bottom=&#8221;0&#8243; el_class=&#8221;blue-bg&#8221;][vc_column][vc_raw_html]JTNDdWwlMjBjbGFzcyUzRCUyMnByb2QtbWVudSUyMiUzRSUwQSUzQ2xpJTNFJTNDYSUyMGhyZWYlM0QlMjJodHRwJTNBJTJGJTJGaWx1YmVhdXR5LmNvbSUyRmVuJTJGcHJvZHVjdHMlMkZoYWlyJTJGaGFpci1icnVzaGVzLWRldGFuZ2xpbmclMkYlMjIlM0VIYWlyJTIwQnJ1c2hlcyUyMERldGFuZ2xpbmclM0MlMkZhJTNFJTNDJTJGbGklM0UlMEElM0NsaSUyMGNsYXNzJTNEJTIyYWN0aXZlJTIyJTNFJTNDYSUyMGhyZWYlM0QlMjJodHRwJTNBJTJGJTJGaWx1YmVhdXR5LmNvbSUyRmVuJTJGcHJvZHVjdHMlMkZoYWlyJTJGaGFpci1icnVzaGVzLXN0eWxpbmclMkYlMjIlM0VIYWlyJTIwQnJ1c2hlcyUyMFN0eWxpbmclM0MlMkZhJTNFJTNDJTJGbGklM0UlMEElM0MlMkZ1bCUzRQ==[\/vc_raw_html][\/vc_column][\/vc_row][vc_row section_type=&#8221;fullwidth&#8221; padding_bottom=&#8221;0&#8243; margin_bottom=&#8221;0&#8243;][vc_column][vc_raw_html el_class=&#8221;left-wrap&#8221;]JTNDYSUyMGhyZWYlM0QlMjJodHRwJTNBJTJGJTJGZXJzZXRpYy5uYXp3YS5wbCUyRmlsdWJlYXV0eSUyRnByb2R1a3R5JTJGd2xvc3klMkZzemN6b3RraS1kby1jemVzYW5pYSUyRiUyMiUyMGNsYXNzJTNEJTIybGVmdC1idG4lMjIlM0UlM0NzcGFuJTNFbGVmdCUzQyUyRnNwYW4lM0UlM0MlMkZhJTNF[\/vc_raw_html][vc_raw_html el_class=&#8221;right-wrap&#8221;]JTNDYSUyMGhyZWYlM0QlMjJodHRwJTNBJTJGJTJGZXJzZXRpYy5uYXp3YS5wbCUyRmlsdWJlYXV0eSUyRnByb2R1a3R5JTJGd2xvc3klMkZzemN6b3RraS1kby1jemVzYW5pYSUyRiUyMiUyMGNsYXNzJTNEJTIycmlnaHQtYnRuJTIyJTNFJTNDc3BhbiUzRXJpZ2h0JTNDJTJGc3BhbiUzRSUzQyUyRmElM0U=[\/vc_raw_html][\/vc_column][\/vc_row]<\/p>\n","protected":false},"author":1,"featured_media":0,"parent":427,"menu_order":0,"comment_status":"closed","ping_status":"closed","template":"","meta":[],"yoast_head":"<!-- This site is optimized with the Yoast SEO plugin v15.6.2 - https:\/\/yoast.com\/wordpress\/plugins\/seo\/ -->\n<title>Hair Brushes Styling | il\u016b | Wega\u0144skie akcesoria do makija\u017cu i stylizacji w\u0142os\u00f3w oraz paznokci.<\/title>\n<meta name=\"robots\" content=\"index, follow, max-snippet:-1, max-image-preview:large, max-video-preview:-1\" \/>\n<link rel=\"canonical\" href=\"http:\/\/ilubeauty.com\/en\/products\/hair\/hair-brushes-styling\/\" \/>\n<meta property=\"og:locale\" content=\"en_US\" \/>\n<meta property=\"og:type\" content=\"article\" \/>\n<meta property=\"og:title\" content=\"Hair Brushes Styling | il\u016b | Wega\u0144skie akcesoria do makija\u017cu i stylizacji w\u0142os\u00f3w oraz paznokci.\" \/>\n<meta property=\"og:description\" content=\"[vc_row section_type=&#8221;fullwidth&#8221; padding_bottom=&#8221;0&#8243; margin_bottom=&#8221;0&#8243;][vc_column][\/vc_column][\/vc_row][vc_row padding_bottom=&#8221;0&#8243; margin_bottom=&#8221;0&#8243; el_class=&#8221;blue-bg&#8221;][vc_column][vc_raw_html]JTNDdWwlMjBjbGFzcyUzRCUyMnByb2QtbWVudSUyMiUzRSUwQSUzQ2xpJTNFJTNDYSUyMGhyZWYlM0QlMjJodHRwJTNBJTJGJTJGaWx1YmVhdXR5LmNvbSUyRmVuJTJGcHJvZHVjdHMlMkZoYWlyJTJGaGFpci1icnVzaGVzLWRldGFuZ2xpbmclMkYlMjIlM0VIYWlyJTIwQnJ1c2hlcyUyMERldGFuZ2xpbmclM0MlMkZhJTNFJTNDJTJGbGklM0UlMEElM0NsaSUyMGNsYXNzJTNEJTIyYWN0aXZlJTIyJTNFJTNDYSUyMGhyZWYlM0QlMjJodHRwJTNBJTJGJTJGaWx1YmVhdXR5LmNvbSUyRmVuJTJGcHJvZHVjdHMlMkZoYWlyJTJGaGFpci1icnVzaGVzLXN0eWxpbmclMkYlMjIlM0VIYWlyJTIwQnJ1c2hlcyUyMFN0eWxpbmclM0MlMkZhJTNFJTNDJTJGbGklM0UlMEElM0MlMkZ1bCUzRQ==[\/vc_raw_html][\/vc_column][\/vc_row][vc_row section_type=&#8221;fullwidth&#8221; padding_bottom=&#8221;0&#8243; margin_bottom=&#8221;0&#8243;][vc_column][vc_raw_html el_class=&#8221;left-wrap&#8221;]JTNDYSUyMGhyZWYlM0QlMjJodHRwJTNBJTJGJTJGZXJzZXRpYy5uYXp3YS5wbCUyRmlsdWJlYXV0eSUyRnByb2R1a3R5JTJGd2xvc3klMkZzemN6b3RraS1kby1jemVzYW5pYSUyRiUyMiUyMGNsYXNzJTNEJTIybGVmdC1idG4lMjIlM0UlM0NzcGFuJTNFbGVmdCUzQyUyRnNwYW4lM0UlM0MlMkZhJTNF[\/vc_raw_html][vc_raw_html el_class=&#8221;right-wrap&#8221;]JTNDYSUyMGhyZWYlM0QlMjJodHRwJTNBJTJGJTJGZXJzZXRpYy5uYXp3YS5wbCUyRmlsdWJlYXV0eSUyRnByb2R1a3R5JTJGd2xvc3klMkZzemN6b3RraS1kby1jemVzYW5pYSUyRiUyMiUyMGNsYXNzJTNEJTIycmlnaHQtYnRuJTIyJTNFJTNDc3BhbiUzRXJpZ2h0JTNDJTJGc3BhbiUzRSUzQyUyRmElM0U=[\/vc_raw_html][\/vc_column][\/vc_row]\" \/>\n<meta property=\"og:url\" content=\"http:\/\/ilubeauty.com\/en\/products\/hair\/hair-brushes-styling\/\" \/>\n<meta property=\"og:site_name\" content=\"il\u016b | Wega\u0144skie akcesoria do makija\u017cu i stylizacji w\u0142os\u00f3w oraz paznokci.\" \/>\n<meta property=\"article:publisher\" content=\"https:\/\/www.facebook.com\/ILUbeautybrand\/\" \/>\n<meta property=\"article:modified_time\" content=\"2019-04-01T16:54:11+00:00\" \/>\n<meta property=\"og:image\" content=\"http:\/\/ilubeauty.com\/wp-content\/uploads\/2019\/04\/ilu-brand.jpg\" \/>\n\t<meta property=\"og:image:width\" content=\"1200\" \/>\n\t<meta property=\"og:image:height\" content=\"630\" \/>\n<meta name=\"twitter:card\" content=\"summary_large_image\" \/>\n<meta name=\"twitter:label1\" content=\"Est. reading time\">\n\t<meta name=\"twitter:data1\" content=\"1 minute\">\n<script type=\"application\/ld+json\" class=\"yoast-schema-graph\">{\"@context\":\"https:\/\/schema.org\",\"@graph\":[{\"@type\":\"Organization\",\"@id\":\"https:\/\/ilubeauty.com\/#organization\",\"name\":\"il\\u016b | Wega\\u0144skie akcesoria do makija\\u017cu i stylizacji w\\u0142os\\u00f3w oraz paznokci.\",\"url\":\"https:\/\/ilubeauty.com\/\",\"sameAs\":[\"https:\/\/www.facebook.com\/ILUbeautybrand\/\",\"https:\/\/www.instagram.com\/ilu_beauty\/\"],\"logo\":{\"@type\":\"ImageObject\",\"@id\":\"https:\/\/ilubeauty.com\/#logo\",\"inLanguage\":\"en-US\",\"url\":\"http:\/\/ilubeauty.com\/wp-content\/uploads\/2019\/04\/ilu-brand.jpg\",\"width\":1200,\"height\":630,\"caption\":\"il\\u016b | Wega\\u0144skie akcesoria do makija\\u017cu i stylizacji w\\u0142os\\u00f3w oraz paznokci.\"},\"image\":{\"@id\":\"https:\/\/ilubeauty.com\/#logo\"}},{\"@type\":\"WebSite\",\"@id\":\"https:\/\/ilubeauty.com\/#website\",\"url\":\"https:\/\/ilubeauty.com\/\",\"name\":\"il\\u016b | Wega\\u0144skie akcesoria do makija\\u017cu i stylizacji w\\u0142os\\u00f3w oraz paznokci.\",\"description\":\"\",\"publisher\":{\"@id\":\"https:\/\/ilubeauty.com\/#organization\"},\"potentialAction\":[{\"@type\":\"SearchAction\",\"target\":\"https:\/\/ilubeauty.com\/?s={search_term_string}\",\"query-input\":\"required name=search_term_string\"}],\"inLanguage\":\"en-US\"},{\"@type\":\"WebPage\",\"@id\":\"http:\/\/ilubeauty.com\/en\/products\/hair\/hair-brushes-styling\/#webpage\",\"url\":\"http:\/\/ilubeauty.com\/en\/products\/hair\/hair-brushes-styling\/\",\"name\":\"Hair Brushes Styling | il\\u016b | Wega\\u0144skie akcesoria do makija\\u017cu i stylizacji w\\u0142os\\u00f3w oraz paznokci.\",\"isPartOf\":{\"@id\":\"https:\/\/ilubeauty.com\/#website\"},\"datePublished\":\"2019-03-19T08:04:47+00:00\",\"dateModified\":\"2019-04-01T16:54:11+00:00\",\"inLanguage\":\"en-US\",\"potentialAction\":[{\"@type\":\"ReadAction\",\"target\":[\"http:\/\/ilubeauty.com\/en\/products\/hair\/hair-brushes-styling\/\"]}]}]}<\/script>\n<!-- \/ Yoast SEO plugin. -->","_links":{"self":[{"href":"http:\/\/ilubeauty.com\/en\/wp-json\/wp\/v2\/pages\/430"}],"collection":[{"href":"http:\/\/ilubeauty.com\/en\/wp-json\/wp\/v2\/pages"}],"about":[{"href":"http:\/\/ilubeauty.com\/en\/wp-json\/wp\/v2\/types\/page"}],"author":[{"embeddable":true,"href":"http:\/\/ilubeauty.com\/en\/wp-json\/wp\/v2\/users\/1"}],"replies":[{"embeddable":true,"href":"http:\/\/ilubeauty.com\/en\/wp-json\/wp\/v2\/comments?post=430"}],"version-history":[{"count":5,"href":"http:\/\/ilubeauty.com\/en\/wp-json\/wp\/v2\/pages\/430\/revisions"}],"predecessor-version":[{"id":747,"href":"http:\/\/ilubeauty.com\/en\/wp-json\/wp\/v2\/pages\/430\/revisions\/747"}],"up":[{"embeddable":true,"href":"http:\/\/ilubeauty.com\/en\/wp-json\/wp\/v2\/pages\/427"}],"wp:attachment":[{"href":"http:\/\/ilubeauty.com\/en\/wp-json\/wp\/v2\/media?parent=430"}],"curies":[{"name":"wp","href":"https:\/\/api.w.org\/{rel}","templated":true}]}}